{"id":433,"date":"2025-05-22T11:10:04","date_gmt":"2025-05-22T11:10:04","guid":{"rendered":"https:\/\/espaipsicologiamaemuki.com\/?page_id=433"},"modified":"2025-05-22T11:10:05","modified_gmt":"2025-05-22T11:10:05","slug":"aviso-legal","status":"publish","type":"page","link":"https:\/\/espaipsicologiamaemuki.com\/es\/aviso-legal\/","title":{"rendered":"Aviso Legal"},"content":{"rendered":"<p>Titular del sitio web: <strong>Carlota Masferrer Morales<\/strong><br>NIF: <strong>47920488B<\/strong><br>Direcci\u00f3n: <strong>Montorn\u00e9s del Vall\u00e9s<\/strong><br>Correo electr\u00f3nico: <strong><a>info@espaidepsicologiamaemuki.cat<\/a><\/strong><br>Sitio web: <strong><a class=\"\" href=\"http:\/\/www.maemukispaidepsicologia.com\">www.maemukispaidepsicologia.com<\/a><\/strong><\/p>\n\n\n\n<h2 class=\"wp-block-heading\">Objeto<\/h2>\n\n\n\n<p>El presente Aviso Legal regula el uso del sitio web <strong><a class=\"\" href=\"http:\/\/www.maemukispaidepsicologia.com\">www.maemukispaidepsicologia.com<\/a><\/strong>, cuyo titular es Carlota Masferrer Morales.<\/p>\n\n\n\n<p>El acceso y navegaci\u00f3n por el sitio web implica la aceptaci\u00f3n de las condiciones expuestas en este aviso.<\/p>\n\n\n\n<h2 class=\"wp-block-heading\">Propiedad intelectual e industrial<\/h2>\n\n\n\n<p>Todos los contenidos de este sitio web (textos, im\u00e1genes, dise\u00f1o, etc.) son propiedad de Carlota Masferrer Morales o se utilizan con licencia. Queda prohibida su reproducci\u00f3n sin autorizaci\u00f3n expresa.<\/p>\n\n\n\n<h2 class=\"wp-block-heading\">Responsabilidad<\/h2>\n\n\n\n<p>No nos hacemos responsables de los da\u00f1os o perjuicios derivados del uso del sitio web, ni de los contenidos enlazados a trav\u00e9s del mismo.<\/p>\n\n\n\n<h2 class=\"wp-block-heading\">Legislaci\u00f3n aplicable<\/h2>\n\n\n\n<p>Este sitio web se rige por la legislaci\u00f3n espa\u00f1ola y est\u00e1 sujeto a la jurisdicci\u00f3n de los juzgados y tribunales de Montorn\u00e8s del Vall\u00e8s, Barcelona.<\/p>","protected":false},"excerpt":{"rendered":"<p>Titular del sitio web: Carlota Masferrer MoralesNIF: 47920488BDirecci\u00f3n: Montorn\u00e8s del Vall\u00e8sCorreo electr\u00f3nico: info@espaidepsicologiamaemuki.catSitio web: www.maemukispaidepsicologia.com Objeto El presente Aviso Legal regula el uso del sitio web www.maemukispaidepsicologia.com, cuyo titular es Carlota Masferrer Morales. El acceso y navegaci\u00f3n por el sitio web implica la aceptaci\u00f3n de las condiciones expuestas en este aviso. Propiedad intelectual e industrial&#8230;<\/p>","protected":false},"author":1,"featured_media":0,"parent":0,"menu_order":0,"comment_status":"closed","ping_status":"closed","template":"","meta":{"_kadence_starter_templates_imported_post":false,"_kad_post_transparent":"","_kad_post_title":"","_kad_post_layout":"","_kad_post_sidebar_id":"","_kad_post_content_style":"","_kad_post_vertical_padding":"","_kad_post_feature":"","_kad_post_feature_position":"","_kad_post_header":false,"_kad_post_footer":false,"footnotes":""},"class_list":["post-433","page","type-page","status-publish","hentry"],"yoast_head":"<!-- This site is optimized with the Yoast SEO plugin v27.2 - https:\/\/yoast.com\/product\/yoast-seo-wordpress\/ -->\n<title>Aviso Legal -<\/title>\n<meta name=\"robots\" content=\"index, follow, max-snippet:-1, max-image-preview:large, max-video-preview:-1\" \/>\n<link rel=\"canonical\" href=\"https:\/\/espaipsicologiamaemuki.com\/es\/aviso-legal\/\" \/>\n<meta property=\"og:locale\" content=\"es_ES\" \/>\n<meta property=\"og:type\" content=\"article\" \/>\n<meta property=\"og:title\" content=\"Aviso Legal -\" \/>\n<meta property=\"og:description\" content=\"Titular del sitio web: Carlota Masferrer MoralesNIF: 47920488BDirecci\u00f3n: Montorn\u00e8s del Vall\u00e8sCorreo electr\u00f3nico: info@espaidepsicologiamaemuki.catSitio web: www.maemukispaidepsicologia.com Objeto El presente Aviso Legal regula el uso del sitio web www.maemukispaidepsicologia.com, cuyo titular es Carlota Masferrer Morales. El acceso y navegaci\u00f3n por el sitio web implica la aceptaci\u00f3n de las condiciones expuestas en este aviso. Propiedad intelectual e industrial...\" \/>\n<meta property=\"og:url\" content=\"https:\/\/espaipsicologiamaemuki.com\/es\/aviso-legal\/\" \/>\n<meta property=\"article:modified_time\" content=\"2025-05-22T11:10:05+00:00\" \/>\n<meta name=\"twitter:card\" content=\"summary_large_image\" \/>\n<meta name=\"twitter:label1\" content=\"Tiempo de lectura\" \/>\n\t<meta name=\"twitter:data1\" content=\"1 minuto\" \/>\n<script type=\"application\/ld+json\" class=\"yoast-schema-graph\">{\"@context\":\"https:\/\/schema.org\",\"@graph\":[{\"@type\":\"WebPage\",\"@id\":\"https:\/\/espaipsicologiamaemuki.com\/aviso-legal\/\",\"url\":\"https:\/\/espaipsicologiamaemuki.com\/aviso-legal\/\",\"name\":\"Aviso Legal -\",\"isPartOf\":{\"@id\":\"https:\/\/myblog-tdwq71b2eg.live-website.com\/#website\"},\"datePublished\":\"2025-05-22T11:10:04+00:00\",\"dateModified\":\"2025-05-22T11:10:05+00:00\",\"breadcrumb\":{\"@id\":\"https:\/\/espaipsicologiamaemuki.com\/aviso-legal\/#breadcrumb\"},\"inLanguage\":\"es\",\"potentialAction\":[{\"@type\":\"ReadAction\",\"target\":[\"https:\/\/espaipsicologiamaemuki.com\/aviso-legal\/\"]}]},{\"@type\":\"BreadcrumbList\",\"@id\":\"https:\/\/espaipsicologiamaemuki.com\/aviso-legal\/#breadcrumb\",\"itemListElement\":[{\"@type\":\"ListItem\",\"position\":1,\"name\":\"Home\",\"item\":\"https:\/\/espaipsicologiamaemuki.com\/\"},{\"@type\":\"ListItem\",\"position\":2,\"name\":\"Aviso Legal\"}]},{\"@type\":\"WebSite\",\"@id\":\"https:\/\/myblog-tdwq71b2eg.live-website.com\/#website\",\"url\":\"https:\/\/myblog-tdwq71b2eg.live-website.com\/\",\"name\":\"\",\"description\":\"Espai psicologia Maemuki\",\"potentialAction\":[{\"@type\":\"SearchAction\",\"target\":{\"@type\":\"EntryPoint\",\"urlTemplate\":\"https:\/\/myblog-tdwq71b2eg.live-website.com\/?s={search_term_string}\"},\"query-input\":{\"@type\":\"PropertyValueSpecification\",\"valueRequired\":true,\"valueName\":\"search_term_string\"}}],\"inLanguage\":\"es\"}]}<\/script>\n<!-- \/ Yoast SEO plugin. -->","yoast_head_json":{"title":"Aviso Legal -","robots":{"index":"index","follow":"follow","max-snippet":"max-snippet:-1","max-image-preview":"max-image-preview:large","max-video-preview":"max-video-preview:-1"},"canonical":"https:\/\/espaipsicologiamaemuki.com\/es\/aviso-legal\/","og_locale":"es_ES","og_type":"article","og_title":"Aviso Legal -","og_description":"Titular del sitio web: Carlota Masferrer MoralesNIF: 47920488BDirecci\u00f3n: Montorn\u00e8s del Vall\u00e8sCorreo electr\u00f3nico: info@espaidepsicologiamaemuki.catSitio web: www.maemukispaidepsicologia.com Objeto El presente Aviso Legal regula el uso del sitio web www.maemukispaidepsicologia.com, cuyo titular es Carlota Masferrer Morales. El acceso y navegaci\u00f3n por el sitio web implica la aceptaci\u00f3n de las condiciones expuestas en este aviso. Propiedad intelectual e industrial...","og_url":"https:\/\/espaipsicologiamaemuki.com\/es\/aviso-legal\/","article_modified_time":"2025-05-22T11:10:05+00:00","twitter_card":"summary_large_image","twitter_misc":{"Tiempo de lectura":"1 minuto"},"schema":{"@context":"https:\/\/schema.org","@graph":[{"@type":"WebPage","@id":"https:\/\/espaipsicologiamaemuki.com\/aviso-legal\/","url":"https:\/\/espaipsicologiamaemuki.com\/aviso-legal\/","name":"Aviso Legal -","isPartOf":{"@id":"https:\/\/myblog-tdwq71b2eg.live-website.com\/#website"},"datePublished":"2025-05-22T11:10:04+00:00","dateModified":"2025-05-22T11:10:05+00:00","breadcrumb":{"@id":"https:\/\/espaipsicologiamaemuki.com\/aviso-legal\/#breadcrumb"},"inLanguage":"es","potentialAction":[{"@type":"ReadAction","target":["https:\/\/espaipsicologiamaemuki.com\/aviso-legal\/"]}]},{"@type":"BreadcrumbList","@id":"https:\/\/espaipsicologiamaemuki.com\/aviso-legal\/#breadcrumb","itemListElement":[{"@type":"ListItem","position":1,"name":"Home","item":"https:\/\/espaipsicologiamaemuki.com\/"},{"@type":"ListItem","position":2,"name":"Aviso Legal"}]},{"@type":"WebSite","@id":"https:\/\/myblog-tdwq71b2eg.live-website.com\/#website","url":"https:\/\/myblog-tdwq71b2eg.live-website.com\/","name":"","description":"Espai psicologia Maemuki","potentialAction":[{"@type":"SearchAction","target":{"@type":"EntryPoint","urlTemplate":"https:\/\/myblog-tdwq71b2eg.live-website.com\/?s={search_term_string}"},"query-input":{"@type":"PropertyValueSpecification","valueRequired":true,"valueName":"search_term_string"}}],"inLanguage":"es"}]}},"_links":{"self":[{"href":"https:\/\/espaipsicologiamaemuki.com\/es\/wp-json\/wp\/v2\/pages\/433","targetHints":{"allow":["GET"]}}],"collection":[{"href":"https:\/\/espaipsicologiamaemuki.com\/es\/wp-json\/wp\/v2\/pages"}],"about":[{"href":"https:\/\/espaipsicologiamaemuki.com\/es\/wp-json\/wp\/v2\/types\/page"}],"author":[{"embeddable":true,"href":"https:\/\/espaipsicologiamaemuki.com\/es\/wp-json\/wp\/v2\/users\/1"}],"replies":[{"embeddable":true,"href":"https:\/\/espaipsicologiamaemuki.com\/es\/wp-json\/wp\/v2\/comments?post=433"}],"version-history":[{"count":1,"href":"https:\/\/espaipsicologiamaemuki.com\/es\/wp-json\/wp\/v2\/pages\/433\/revisions"}],"predecessor-version":[{"id":436,"href":"https:\/\/espaipsicologiamaemuki.com\/es\/wp-json\/wp\/v2\/pages\/433\/revisions\/436"}],"wp:attachment":[{"href":"https:\/\/espaipsicologiamaemuki.com\/es\/wp-json\/wp\/v2\/media?parent=433"}],"curies":[{"name":"wp","href":"https:\/\/api.w.org\/{rel}","templated":true}]}}